{"id":17,"date":"2016-02-12T08:09:36","date_gmt":"2016-02-12T07:09:36","guid":{"rendered":"http:\/\/demos.famethemes.com\/onepress\/?page_id=17"},"modified":"2023-10-13T11:57:43","modified_gmt":"2023-10-13T09:57:43","slug":"our-history","status":"publish","type":"page","link":"https:\/\/grosne.fr\/index.php\/our-history\/","title":{"rendered":"L&rsquo;histoire de Grosne"},"content":{"rendered":"\n<div class=\"wp-block-group alignfull has-background\" style=\"background-color:#f8f4e4\"><div class=\"wp-block-group__inner-container is-layout-flow wp-block-group-is-layout-flow\">\n<div class=\"wp-block-columns alignwide is-layout-flex wp-container-core-columns-is-layout-9d6595d7 wp-block-columns-is-layout-flex\">\n<div class=\"wp-block-column is-layout-flow wp-block-column-is-layout-flow\">\n<p class=\"has-text-color\" style=\"color:#000000;font-size:5vw;line-height:1.1\"><strong>Il \u00e9tait une fois&#8230;<\/strong><\/p>\n\n\n\n<p>Le territoire de Grosne \u00e9tait travers\u00e9 par une voie romaine d&rsquo;importance&nbsp;secondaire qui reliait&nbsp;Vellescot&nbsp;et&nbsp;Recouvrance.<\/p>\n\n\n\n<p>En&nbsp;1105&nbsp;la mairie de Grosne et sa paroisse s&rsquo;\u00e9tendait sur les localit\u00e9s voisines&nbsp;de&nbsp;Boron, Vellescot, Recouvrance,&nbsp;Brebotte,&nbsp;Esch\u00eane&nbsp;et le village disparu de&nbsp;Normanvillars.&nbsp;Petit-Croix&nbsp;n&rsquo;\u00e9tait alors qu&rsquo;une simple chapelle rattach\u00e9e \u00e0 Grosne.<\/p>\n\n\n\n<p>\u00c0 cette date&nbsp;; Ermentrude, veuve de Thierry I<sup>er<\/sup>&nbsp;comte de Montb\u00e9liard-Ferrette, donne le fief de Grosne au prieur\u00e9 de&nbsp;Froidefontaine.<\/p>\n\n\n\n<p>En&nbsp;1125&nbsp;le comt\u00e9 est partag\u00e9 entre Fr\u00e9d\u00e9ric I<sup>er<\/sup>&nbsp;comte de&nbsp;Ferrette&nbsp;et Thierry II, comte de&nbsp;Montb\u00e9liard. Froidefontaine et Grosne&nbsp;font alors partie du comt\u00e9 de Ferrette.&nbsp;En&nbsp;1454, le fief passa dans les mains des seigneurs de&nbsp;Montjoie&nbsp;qui l&rsquo;ont conserv\u00e9&nbsp;jusqu&rsquo;en&nbsp;1630. Les revenus de l&rsquo;\u00e9glise ont \u00e9t\u00e9 per\u00e7us par le prieur\u00e9 de Froidefontaine jusqu&rsquo;en&nbsp;1621, par les j\u00e9suites d&rsquo;Ensisheim&nbsp;jusqu&rsquo;en&nbsp;1764&nbsp;et enfin par le coll\u00e8ge royal de Colmar jusqu&rsquo;\u00e0 la&nbsp;R\u00e9volution.<\/p>\n\n\n\n<p><\/p>\n\n\n\n<div style=\"height:5px\" aria-hidden=\"true\" class=\"wp-block-spacer\"><\/div>\n<\/div>\n<\/div>\n\n\n\n<div class=\"wp-block-columns alignwide is-layout-flex wp-container-core-columns-is-layout-9d6595d7 wp-block-columns-is-layout-flex\">\n<div class=\"wp-block-column is-layout-flow wp-block-column-is-layout-flow\" style=\"flex-basis:33.38%\">\n<figure class=\"wp-block-image size-large\"><img fetchpriority=\"high\" decoding=\"async\" width=\"724\" height=\"1024\" src=\"http:\/\/cgrpvra.cluster027.hosting.ovh.net\/wp-content\/uploads\/2023\/03\/DEFINITION-HERALDIQUE-DU-BLASON-DE-LA-COMMUNE-DE-GROSNE-page-001-724x1024.jpg\" alt=\"\" class=\"wp-image-1537\" srcset=\"https:\/\/grosne.fr\/wp-content\/uploads\/2023\/03\/DEFINITION-HERALDIQUE-DU-BLASON-DE-LA-COMMUNE-DE-GROSNE-page-001-724x1024.jpg 724w, https:\/\/grosne.fr\/wp-content\/uploads\/2023\/03\/DEFINITION-HERALDIQUE-DU-BLASON-DE-LA-COMMUNE-DE-GROSNE-page-001-212x300.jpg 212w, https:\/\/grosne.fr\/wp-content\/uploads\/2023\/03\/DEFINITION-HERALDIQUE-DU-BLASON-DE-LA-COMMUNE-DE-GROSNE-page-001-768x1086.jpg 768w, https:\/\/grosne.fr\/wp-content\/uploads\/2023\/03\/DEFINITION-HERALDIQUE-DU-BLASON-DE-LA-COMMUNE-DE-GROSNE-page-001-1086x1536.jpg 1086w, https:\/\/grosne.fr\/wp-content\/uploads\/2023\/03\/DEFINITION-HERALDIQUE-DU-BLASON-DE-LA-COMMUNE-DE-GROSNE-page-001.jpg 1240w\" sizes=\"(max-width: 724px) 100vw, 724px\" \/><\/figure>\n<\/div>\n\n\n\n<div class=\"wp-block-column is-layout-flow wp-block-column-is-layout-flow\" style=\"flex-basis:33%\">\n<div style=\"height:100px\" aria-hidden=\"true\" class=\"wp-block-spacer\"><\/div>\n\n\n\n<figure class=\"wp-block-image size-large\"><img decoding=\"async\" width=\"724\" height=\"1024\" src=\"http:\/\/cgrpvra.cluster027.hosting.ovh.net\/wp-content\/uploads\/2023\/03\/DEFINITION-HERALDIQUE-DU-BLASON-DE-LA-COMMUNE-DE-GROSNE-page-002-724x1024.jpg\" alt=\"\" class=\"wp-image-1536\" srcset=\"https:\/\/grosne.fr\/wp-content\/uploads\/2023\/03\/DEFINITION-HERALDIQUE-DU-BLASON-DE-LA-COMMUNE-DE-GROSNE-page-002-724x1024.jpg 724w, https:\/\/grosne.fr\/wp-content\/uploads\/2023\/03\/DEFINITION-HERALDIQUE-DU-BLASON-DE-LA-COMMUNE-DE-GROSNE-page-002-212x300.jpg 212w, https:\/\/grosne.fr\/wp-content\/uploads\/2023\/03\/DEFINITION-HERALDIQUE-DU-BLASON-DE-LA-COMMUNE-DE-GROSNE-page-002-768x1086.jpg 768w, https:\/\/grosne.fr\/wp-content\/uploads\/2023\/03\/DEFINITION-HERALDIQUE-DU-BLASON-DE-LA-COMMUNE-DE-GROSNE-page-002-1086x1536.jpg 1086w, https:\/\/grosne.fr\/wp-content\/uploads\/2023\/03\/DEFINITION-HERALDIQUE-DU-BLASON-DE-LA-COMMUNE-DE-GROSNE-page-002.jpg 1240w\" sizes=\"(max-width: 724px) 100vw, 724px\" \/><\/figure>\n<\/div>\n\n\n\n<div class=\"wp-block-column is-layout-flow wp-block-column-is-layout-flow\" style=\"flex-basis:33.62%\">\n<figure class=\"wp-block-image size-full\"><img decoding=\"async\" width=\"398\" height=\"640\" src=\"http:\/\/cgrpvra.cluster027.hosting.ovh.net\/wp-content\/uploads\/2023\/03\/Resized_20220215_114054.jpg\" alt=\"\" class=\"wp-image-1534\" srcset=\"https:\/\/grosne.fr\/wp-content\/uploads\/2023\/03\/Resized_20220215_114054.jpg 398w, https:\/\/grosne.fr\/wp-content\/uploads\/2023\/03\/Resized_20220215_114054-187x300.jpg 187w\" sizes=\"(max-width: 398px) 100vw, 398px\" \/><\/figure>\n<\/div>\n<\/div>\n\n\n\n<p>Une partie du village appartenait au 18<sup>\u00e8me<\/sup>&nbsp;\u00e0 la seigneurie de Delle, domaine des Mazarin. C\u2019\u00e9tait une paroisse d\u00e9di\u00e9e \u00e0 St Paul, repr\u00e9sent\u00e9e sur le blason par l\u2019\u00e9p\u00e9e.<\/p>\n\n\n\n<p>&nbsp;La cl\u00e9 d\u2019argent rappelle que Grosne fut longtemps aux Montjoie. Une seule famille de la noblesse fut connue dans la paroisse, il s\u2019agissait des Taillefer de Breteuil, symbolis\u00e9e par la couleur rouge.<\/p>\n\n\n\n<p>Signification des couleurs&nbsp;:<\/p>\n\n\n\n<p><em><strong>Azur<\/strong>&nbsp;: signifie en blason d\u2019armoiries des vertus de Justice &#8211; repr\u00e9sente loyaut\u00e9, puret\u00e9, gentillesse et renomm\u00e9e<\/em><\/p>\n\n\n\n<p><em><br><strong>Rouge<\/strong>&nbsp;: signifie en blason d\u2019armes des vertus de Charit\u00e9 \u2013 repr\u00e9sente une marque de vaillance, hardiesse, magnanimit\u00e9<\/em><\/p>\n\n\n\n<p><em>&nbsp;<br><strong>Argent<\/strong>&nbsp;: signifie en blason d\u2019armes des vertus d\u2019Esp\u00e9rance, Puret\u00e9, Innocence, Humilit\u00e9<\/em><\/p>\n\n\n\n<p><em><br><strong>Or<\/strong><strong>&nbsp;<\/strong>: signifie en blason d\u2019armoiries des vertus de Foi, Force et Confiance<\/em><\/p>\n\n\n\n<div class=\"wp-block-columns alignwide is-layout-flex wp-container-core-columns-is-layout-9d6595d7 wp-block-columns-is-layout-flex\">\n<div class=\"wp-block-column is-layout-flow wp-block-column-is-layout-flow\" style=\"flex-basis:33.38%\">\n<figure class=\"wp-block-image size-full\"><img loading=\"lazy\" decoding=\"async\" width=\"432\" height=\"808\" src=\"http:\/\/cgrpvra.cluster027.hosting.ovh.net\/wp-content\/uploads\/2023\/03\/clan-reiniche.jpg\" alt=\"\" class=\"wp-image-1542\" srcset=\"https:\/\/grosne.fr\/wp-content\/uploads\/2023\/03\/clan-reiniche.jpg 432w, https:\/\/grosne.fr\/wp-content\/uploads\/2023\/03\/clan-reiniche-160x300.jpg 160w\" sizes=\"(max-width: 432px) 100vw, 432px\" \/><\/figure>\n<\/div>\n\n\n\n<div class=\"wp-block-column is-layout-flow wp-block-column-is-layout-flow\" style=\"flex-basis:33%\">\n<div style=\"height:100px\" aria-hidden=\"true\" class=\"wp-block-spacer\"><\/div>\n\n\n\n<figure class=\"wp-block-image size-full\"><img loading=\"lazy\" decoding=\"async\" width=\"394\" height=\"755\" src=\"http:\/\/cgrpvra.cluster027.hosting.ovh.net\/wp-content\/uploads\/2023\/03\/Archive02.jpg\" alt=\"\" class=\"wp-image-1543\" srcset=\"https:\/\/grosne.fr\/wp-content\/uploads\/2023\/03\/Archive02.jpg 394w, https:\/\/grosne.fr\/wp-content\/uploads\/2023\/03\/Archive02-157x300.jpg 157w\" sizes=\"(max-width: 394px) 100vw, 394px\" \/><\/figure>\n<\/div>\n\n\n\n<div class=\"wp-block-column is-layout-flow wp-block-column-is-layout-flow\" style=\"flex-basis:33.62%\">\n<figure class=\"wp-block-image size-full\"><img loading=\"lazy\" decoding=\"async\" width=\"669\" height=\"618\" src=\"http:\/\/cgrpvra.cluster027.hosting.ovh.net\/wp-content\/uploads\/2023\/03\/Archive01.jpg\" alt=\"\" class=\"wp-image-1541\" srcset=\"https:\/\/grosne.fr\/wp-content\/uploads\/2023\/03\/Archive01.jpg 669w, https:\/\/grosne.fr\/wp-content\/uploads\/2023\/03\/Archive01-300x277.jpg 300w\" sizes=\"(max-width: 669px) 100vw, 669px\" \/><\/figure>\n<\/div>\n<\/div>\n\n\n\n<div class=\"wp-block-columns alignwide is-layout-flex wp-container-core-columns-is-layout-9d6595d7 wp-block-columns-is-layout-flex\">\n<div class=\"wp-block-column is-layout-flow wp-block-column-is-layout-flow\" style=\"flex-basis:67%\"><div class=\"wp-block-image\">\n<figure class=\"alignright size-large\"><img loading=\"lazy\" decoding=\"async\" width=\"1024\" height=\"702\" src=\"http:\/\/cgrpvra.cluster027.hosting.ovh.net\/wp-content\/uploads\/2023\/03\/ecole85-1024x702.jpg\" alt=\"\" class=\"wp-image-1538\" srcset=\"https:\/\/grosne.fr\/wp-content\/uploads\/2023\/03\/ecole85-1024x702.jpg 1024w, https:\/\/grosne.fr\/wp-content\/uploads\/2023\/03\/ecole85-300x206.jpg 300w, https:\/\/grosne.fr\/wp-content\/uploads\/2023\/03\/ecole85-768x526.jpg 768w, https:\/\/grosne.fr\/wp-content\/uploads\/2023\/03\/ecole85.jpg 1071w\" sizes=\"(max-width: 1024px) 100vw, 1024px\" \/><\/figure>\n<\/div><\/div>\n\n\n\n<div class=\"wp-block-column is-vertically-aligned-center is-layout-flow wp-block-column-is-layout-flow\" style=\"flex-basis:33%\">\n<p><strong><em>PHOTO EST REPUBLICAIN DU 08 DECEMBRE 1985 SUR LES CLASSES CM1 ET CM2 DE GROSNE<\/em><\/strong><\/p>\n\n\n\n<p><strong><em>INSTITUTEUR MONSIEUR DEVAUX<\/em><\/strong><\/p>\n<\/div>\n<\/div>\n\n\n\n<div class=\"wp-block-columns alignwide is-layout-flex wp-container-core-columns-is-layout-9d6595d7 wp-block-columns-is-layout-flex\">\n<div class=\"wp-block-column is-layout-flow wp-block-column-is-layout-flow\" style=\"flex-basis:67%\"><div class=\"wp-block-image\">\n<figure class=\"alignright size-full\"><img loading=\"lazy\" decoding=\"async\" width=\"831\" height=\"642\" src=\"http:\/\/cgrpvra.cluster027.hosting.ovh.net\/wp-content\/uploads\/2023\/03\/Archive03.jpg\" alt=\"\" class=\"wp-image-1544\" srcset=\"https:\/\/grosne.fr\/wp-content\/uploads\/2023\/03\/Archive03.jpg 831w, https:\/\/grosne.fr\/wp-content\/uploads\/2023\/03\/Archive03-300x232.jpg 300w, https:\/\/grosne.fr\/wp-content\/uploads\/2023\/03\/Archive03-768x593.jpg 768w\" sizes=\"(max-width: 831px) 100vw, 831px\" \/><\/figure>\n<\/div><\/div>\n<\/div>\n<\/div><\/div>\n","protected":false},"excerpt":{"rendered":"<p>Il \u00e9tait une fois&#8230; Le territoire de Grosne \u00e9tait travers\u00e9 par une voie romaine d&rsquo;importance&nbsp;secondaire qui reliait&nbsp;Vellescot&nbsp;et&nbsp;Recouvrance. En&nbsp;1105&nbsp;la mairie de Grosne et sa paroisse s&rsquo;\u00e9tendait sur les localit\u00e9s voisines&nbsp;de&nbsp;Boron, Vellescot, &#8230;<\/p>\n","protected":false},"author":1,"featured_media":1811,"parent":0,"menu_order":0,"comment_status":"closed","ping_status":"closed","template":"template-fullwidth-stretched.php","meta":{"_EventAllDay":false,"_EventTimezone":"","_EventStartDate":"","_EventEndDate":"","_EventStartDateUTC":"","_EventEndDateUTC":"","_EventShowMap":false,"_EventShowMapLink":false,"_EventURL":"","_EventCost":"","_EventCostDescription":"","_EventCurrencySymbol":"","_EventCurrencyCode":"","_EventCurrencyPosition":"","_EventDateTimeSeparator":"","_EventTimeRangeSeparator":"","_EventOrganizerID":[],"_EventVenueID":[],"_OrganizerEmail":"","_OrganizerPhone":"","_OrganizerWebsite":"","_VenueAddress":"","_VenueCity":"","_VenueCountry":"","_VenueProvince":"","_VenueState":"","_VenueZip":"","_VenuePhone":"","_VenueURL":"","_VenueStateProvince":"","_VenueLat":"","_VenueLng":"","_VenueShowMap":false,"_VenueShowMapLink":false,"footnotes":""},"class_list":["post-17","page","type-page","status-publish","has-post-thumbnail","hentry"],"_links":{"self":[{"href":"https:\/\/grosne.fr\/index.php\/wp-json\/wp\/v2\/pages\/17","targetHints":{"allow":["GET"]}}],"collection":[{"href":"https:\/\/grosne.fr\/index.php\/wp-json\/wp\/v2\/pages"}],"about":[{"href":"https:\/\/grosne.fr\/index.php\/wp-json\/wp\/v2\/types\/page"}],"author":[{"embeddable":true,"href":"https:\/\/grosne.fr\/index.php\/wp-json\/wp\/v2\/users\/1"}],"replies":[{"embeddable":true,"href":"https:\/\/grosne.fr\/index.php\/wp-json\/wp\/v2\/comments?post=17"}],"version-history":[{"count":9,"href":"https:\/\/grosne.fr\/index.php\/wp-json\/wp\/v2\/pages\/17\/revisions"}],"predecessor-version":[{"id":1812,"href":"https:\/\/grosne.fr\/index.php\/wp-json\/wp\/v2\/pages\/17\/revisions\/1812"}],"wp:featuredmedia":[{"embeddable":true,"href":"https:\/\/grosne.fr\/index.php\/wp-json\/wp\/v2\/media\/1811"}],"wp:attachment":[{"href":"https:\/\/grosne.fr\/index.php\/wp-json\/wp\/v2\/media?parent=17"}],"curies":[{"name":"wp","href":"https:\/\/api.w.org\/{rel}","templated":true}]}}