{"id":1510,"date":"2023-03-08T20:59:01","date_gmt":"2023-03-08T19:59:01","guid":{"rendered":"http:\/\/cgrpvra.cluster027.hosting.ovh.net\/?page_id=1510"},"modified":"2023-03-15T21:39:39","modified_gmt":"2023-03-15T20:39:39","slug":"1510-2","status":"publish","type":"page","link":"https:\/\/grosne.fr\/index.php\/1510-2\/","title":{"rendered":"ARTS A GROSNE"},"content":{"rendered":"\n<div class=\"wp-block-cover is-light\" style=\"min-height:262px;aspect-ratio:unset;\"><span aria-hidden=\"true\" class=\"wp-block-cover__background has-background-dim\"><\/span><img fetchpriority=\"high\" decoding=\"async\" width=\"1133\" height=\"435\" class=\"wp-block-cover__image-background wp-image-1511\" alt=\"\" src=\"http:\/\/cgrpvra.cluster027.hosting.ovh.net\/wp-content\/uploads\/2023\/03\/logo-galerie.png\" data-object-fit=\"cover\" srcset=\"https:\/\/grosne.fr\/wp-content\/uploads\/2023\/03\/logo-galerie.png 1133w, https:\/\/grosne.fr\/wp-content\/uploads\/2023\/03\/logo-galerie-300x115.png 300w, https:\/\/grosne.fr\/wp-content\/uploads\/2023\/03\/logo-galerie-1024x393.png 1024w, https:\/\/grosne.fr\/wp-content\/uploads\/2023\/03\/logo-galerie-768x295.png 768w\" sizes=\"(max-width: 1133px) 100vw, 1133px\" \/><div class=\"wp-block-cover__inner-container is-layout-flow wp-block-cover-is-layout-flow\">\n<p class=\"has-text-align-center has-large-font-size\"><\/p>\n<\/div><\/div>\n\n\n<ul class=\"wp-block-latest-posts__list has-dates aligncenter wp-block-latest-posts\"><li><div class=\"wp-block-latest-posts__featured-image alignleft\"><img decoding=\"async\" width=\"150\" height=\"150\" src=\"https:\/\/grosne.fr\/wp-content\/uploads\/2024\/03\/affiche-ecran-led-150x150.jpg\" class=\"attachment-thumbnail size-thumbnail wp-post-image\" alt=\"\" style=\"max-width:150px;max-height:150px;\" \/><\/div><a class=\"wp-block-latest-posts__post-title\" href=\"https:\/\/grosne.fr\/index.php\/2024\/03\/02\/exposition-michel-tissier-2\/\">Exposition Michel Tissier<\/a><time datetime=\"2024-03-02T11:58:35+01:00\" class=\"wp-block-latest-posts__post-date\">2 mars 2024<\/time><div class=\"wp-block-latest-posts__post-excerpt\"><\/div><\/li>\n<li><div class=\"wp-block-latest-posts__featured-image alignleft\"><img decoding=\"async\" width=\"150\" height=\"150\" src=\"https:\/\/grosne.fr\/wp-content\/uploads\/2024\/03\/Exposition-Nicole-Pepe-Alain-Pessina-150x150.jpg\" class=\"attachment-thumbnail size-thumbnail wp-post-image\" alt=\"\" style=\"max-width:150px;max-height:150px;\" \/><\/div><a class=\"wp-block-latest-posts__post-title\" href=\"https:\/\/grosne.fr\/index.php\/2024\/03\/02\/exposition-de-mars-2024\/\">Exposition de mars 2024<\/a><time datetime=\"2024-03-02T11:57:37+01:00\" class=\"wp-block-latest-posts__post-date\">2 mars 2024<\/time><div class=\"wp-block-latest-posts__post-excerpt\"><\/div><\/li>\n<li><div class=\"wp-block-latest-posts__featured-image alignleft\"><img loading=\"lazy\" decoding=\"async\" width=\"150\" height=\"150\" src=\"https:\/\/grosne.fr\/wp-content\/uploads\/2023\/12\/Exposition-des-OEuvres-offertes-ou-acquises-a-la-mairie-de-Grosne-depuis-2013-150x150.jpg\" class=\"attachment-thumbnail size-thumbnail wp-post-image\" alt=\"\" style=\"max-width:150px;max-height:150px;\" \/><\/div><a class=\"wp-block-latest-posts__post-title\" href=\"https:\/\/grosne.fr\/index.php\/2023\/12\/14\/exposition-decembre-2023\/\">Exposition d\u00e9cembre 2023<\/a><time datetime=\"2023-12-14T20:23:42+01:00\" class=\"wp-block-latest-posts__post-date\">14 d\u00e9cembre 2023<\/time><div class=\"wp-block-latest-posts__post-excerpt\"><\/div><\/li>\n<li><div class=\"wp-block-latest-posts__featured-image alignleft\"><img loading=\"lazy\" decoding=\"async\" width=\"150\" height=\"150\" src=\"https:\/\/grosne.fr\/wp-content\/uploads\/2016\/02\/Vernissage-1803-1-150x150.jpg\" class=\"attachment-thumbnail size-thumbnail wp-post-image\" alt=\"\" style=\"max-width:150px;max-height:150px;\" \/><\/div><a class=\"wp-block-latest-posts__post-title\" href=\"https:\/\/grosne.fr\/index.php\/2023\/03\/12\/nicole-meriot-et-andre-hoblingre\/\">VERNISSAGE DES ARTISTES NICOLE M\u00c9RIOT ET ANDR\u00c9 HOBLINGRE<\/a><time datetime=\"2023-03-12T08:28:47+01:00\" class=\"wp-block-latest-posts__post-date\">12 mars 2023<\/time><div class=\"wp-block-latest-posts__post-excerpt\">Une Professeure agr\u00e9g\u00e9e de Math Sup&rsquo; et un Ing\u00e9nieur f\u00e9ru de Math\u00e9matiques seraient tr\u00e8s heureux de vous recevoir non pas pour parler de \u00ab\u00a0Maths\u00a0\u00bb mais vous parler l&rsquo;une de ses &#8230;<\/div><\/li>\n<\/ul>\n\n\n<script data-js='tribe-events-view-nonce-data' type='application\/json'>{\"_tec_view_rest_nonce_primary\":\"c4c93e64d3\",\"_tec_view_rest_nonce_secondary\":\"\"}<\/script>\n","protected":false},"excerpt":{"rendered":"","protected":false},"author":1,"featured_media":0,"parent":0,"menu_order":0,"comment_status":"closed","ping_status":"closed","template":"template-fullwidth.php","meta":{"_EventAllDay":false,"_EventTimezone":"","_EventStartDate":"","_EventEndDate":"","_EventStartDateUTC":"","_EventEndDateUTC":"","_EventShowMap":false,"_EventShowMapLink":false,"_EventURL":"","_EventCost":"","_EventCostDescription":"","_EventCurrencySymbol":"","_EventCurrencyCode":"","_EventCurrencyPosition":"","_EventDateTimeSeparator":"","_EventTimeRangeSeparator":"","_EventOrganizerID":[],"_EventVenueID":[],"_OrganizerEmail":"","_OrganizerPhone":"","_OrganizerWebsite":"","_VenueAddress":"","_VenueCity":"","_VenueCountry":"","_VenueProvince":"","_VenueState":"","_VenueZip":"","_VenuePhone":"","_VenueURL":"","_VenueStateProvince":"","_VenueLat":"","_VenueLng":"","_VenueShowMap":false,"_VenueShowMapLink":false,"footnotes":""},"class_list":["post-1510","page","type-page","status-publish","hentry"],"_links":{"self":[{"href":"https:\/\/grosne.fr\/index.php\/wp-json\/wp\/v2\/pages\/1510","targetHints":{"allow":["GET"]}}],"collection":[{"href":"https:\/\/grosne.fr\/index.php\/wp-json\/wp\/v2\/pages"}],"about":[{"href":"https:\/\/grosne.fr\/index.php\/wp-json\/wp\/v2\/types\/page"}],"author":[{"embeddable":true,"href":"https:\/\/grosne.fr\/index.php\/wp-json\/wp\/v2\/users\/1"}],"replies":[{"embeddable":true,"href":"https:\/\/grosne.fr\/index.php\/wp-json\/wp\/v2\/comments?post=1510"}],"version-history":[{"count":6,"href":"https:\/\/grosne.fr\/index.php\/wp-json\/wp\/v2\/pages\/1510\/revisions"}],"predecessor-version":[{"id":1628,"href":"https:\/\/grosne.fr\/index.php\/wp-json\/wp\/v2\/pages\/1510\/revisions\/1628"}],"wp:attachment":[{"href":"https:\/\/grosne.fr\/index.php\/wp-json\/wp\/v2\/media?parent=1510"}],"curies":[{"name":"wp","href":"https:\/\/api.w.org\/{rel}","templated":true}]}}